{"id":369,"date":"2025-04-22T12:00:22","date_gmt":"2025-04-22T12:00:22","guid":{"rendered":"https:\/\/felsenkeller.bz.it\/datenschutz\/"},"modified":"2025-04-22T13:57:12","modified_gmt":"2025-04-22T13:57:12","slug":"privacy","status":"publish","type":"page","link":"https:\/\/felsenkeller.bz.it\/it\/privacy\/","title":{"rendered":"Privacy"},"content":{"rendered":"<div id='av_section_1'  class='avia-section av-m9s7pkqa-6a563182fa0d3eebf1f4a2b297c34bfe header_color avia-section-large avia-no-border-styling  avia-builder-el-0  el_before_av_section  avia-builder-el-first  avia-bg-style-scroll container_wrap fullsize'  ><div class='container av-section-cont-open' ><main  role=\"main\" itemprop=\"mainContentOfPage\"  class='template-page content  av-content-full alpha units'><div class='post-entry post-entry-type-page post-entry-369'><div class='entry-content-wrapper clearfix'>\n\n<style type=\"text\/css\" data-created_by=\"avia_inline_auto\" id=\"style-css-av-m9s4v2jk-968eec3e4da3a68218a3c523b46aceb2\">\n#top .av-special-heading.av-m9s4v2jk-968eec3e4da3a68218a3c523b46aceb2{\npadding-bottom:10px;\n}\nbody .av-special-heading.av-m9s4v2jk-968eec3e4da3a68218a3c523b46aceb2 .av-special-heading-tag .heading-char{\nfont-size:25px;\n}\n.av-special-heading.av-m9s4v2jk-968eec3e4da3a68218a3c523b46aceb2 .av-subheading{\nfont-size:15px;\n}\n<\/style>\n<div  class='av-special-heading av-m9s4v2jk-968eec3e4da3a68218a3c523b46aceb2 av-special-heading-h2 blockquote modern-quote  avia-builder-el-1  el_before_av_textblock  avia-builder-el-first '><h2 class='av-special-heading-tag '  itemprop=\"headline\"  >Privacy<\/h2><div class=\"special-heading-border\"><div class=\"special-heading-inner-border\"><\/div><\/div><\/div>\n<section  class='av_textblock_section av-m9s4uhzf-008fc5d3685c86520a09345e5c17a0b7 '   itemscope=\"itemscope\" itemtype=\"https:\/\/schema.org\/CreativeWork\" ><div class='avia_textblock'  itemprop=\"text\" ><p>Ai sensi dell\u2019art. 13 del Regolamento (UE) 2016\/679 relativo alla protezione delle persone fisiche con riguardo al trattamento dei dati personali e della raccomandazione n. 2\/2001 relativa ai requisiti minimi per la raccolta di dati on-line nell\u2019UE.<\/p>\n<\/div><\/section>\n<\/div><\/div><\/main><!-- close content main element --><\/div><\/div>\n<style type=\"text\/css\" data-created_by=\"avia_inline_auto\" id=\"style-css-av-b7ihj-d1da72074dee26a2fb8cd59a4e060b21\">\n.avia-section.av-b7ihj-d1da72074dee26a2fb8cd59a4e060b21{\nbackground-color:#f8f8f8;\nbackground-image:unset;\n}\n<\/style>\n<div id='av_section_2'  class='avia-section av-b7ihj-d1da72074dee26a2fb8cd59a4e060b21 header_color avia-section-default avia-no-border-styling  avia-builder-el-3  el_after_av_section  avia-builder-el-last  avia-bg-style-scroll container_wrap fullsize'  ><div class='container av-section-cont-open' ><div class='template-page content  av-content-full alpha units'><div class='post-entry post-entry-type-page post-entry-369'><div class='entry-content-wrapper clearfix'>\n<section  class='av_textblock_section av-m9s52c6h-fd2f428a7dd9cb2099257e6cd822c518 '   itemscope=\"itemscope\" itemtype=\"https:\/\/schema.org\/CreativeWork\" ><div class='avia_textblock'  itemprop=\"text\" ><p><strong>1. Titolare del trattamento dei dati personali<\/strong><\/p>\n<p>Ristorante Felsenkeller<br \/>\nFlarer Wolfgang &amp; Aiello Nicole SNC<br \/>\n39019 Tirolo &#8211; Via San Zeno. 14<br \/>\nCod. Fisc. e Part. IVA: 03105640217<br \/>\nTel. +<a href=\"tel:\/\/00393319469234\">39 331 946 9234<\/a><br \/>\nEmail: <a href=\"mailto:restaurant@felsenkeller.bz.it\">restaurant@felsenkeller.bz.it<\/a><\/p>\n<p>Responsabile della Protezione dei Dati Personali<\/p>\n<p>Ristorante Felsenkeller<br \/>\nFlarer Wolfgang &amp; Aiello Nicole SNC<br \/>\n39019 Tirolo &#8211; Via San Zeno. 14<br \/>\nCod. Fisc. e Part. IVA: 03105640217<br \/>\nTel. +39 331 946 9234<br \/>\nEmail: restaurant@felsenkeller.bz.it<\/p>\n<p>La presente informativa privacy intende fornire informazioni circa il trattamento, le finalit\u00e0, le modalit\u00e0 e, in generale, la gestione dei dati raccolti tramite il sito web www.felsenkeller.bz.it (di seguito, per brevit\u00e0, il Sito Web). La presente informativa privacy riguarda unicamente il presente Sito Web, escludendo quindi ulteriori pagine visitabili tramite collegamento (link).<\/p>\n<p><strong>2. Finalit\u00e0 del trattamento e base giuridica<\/strong><br \/>\nIl Titolare del trattamento garantisce nell\u2019ambito delle previsioni normative che il trattamento dei dati personali tramite il Sito Web si svolge nel rispetto dei diritti e delle libert\u00e0 fondamentali, nonch\u00e9 della dignit\u00e0 dell\u2019interessato\/a, con particolare riferimento alla riservatezza, all\u2019identit\u00e0 personale e al diritto alla protezione dei dati personali.<br \/>\nNel rispetto delle condizioni di liceit\u00e0 previste all\u2019art. 6 del GDPR 2016\/679, i dati personali da Lei forniti attraverso il Sito Web potranno essere trattati esclusivamente per le seguenti finalit\u00e0:<br \/>\na) Iscrizione Newsletter<br \/>\nL\u2019interessato ha prestato il proprio consenso esplicito al trattamento di tali dati personali per una o pi\u00f9 finalit\u00e0 specifiche [\u2026] \u2013 art. 6, comma 1, lett. a) del GDPR 2016\/67).<\/p>\n<p><strong>3. Tipologia di dati trattati<\/strong><br \/>\nPer le finalit\u00e0 sopra citate possono essere oggetto di trattamento principalmente:<br \/>\na. dati personali di natura comune (es. nome, cognome, numero di telefono e indirizzo di posta elettronica);<\/p>\n<p><strong>4. Modalit\u00e0 di trattamento<\/strong><br \/>\nIl trattamento sar\u00e0 effettuato:<br \/>\na. dal solo personale autorizzato per lo svolgimento delle attivit\u00e0 di trattamento;<br \/>\nb. mediante l\u2019utilizzo di sistemi manuali e elettronici;<br \/>\nc. da soggetti autorizzati all\u2019assolvimento di tali compiti ai sensi di legge;<br \/>\nd. con l\u2019impiego di misure organizzative e tecniche adeguate a garantire la riservatezza dei dati ed evitare l\u2019accesso agli stessi da parte di terzi non autorizzati.<br \/>\nI Suoi dati non saranno inseriti in processi decisionali automatizzati.<\/p>\n<p><strong>5. Periodo di conservazione dei dati personali<\/strong><br \/>\nI dati da Lei forniti saranno conservati per il periodo strettamente necessario al perseguimento delle finalit\u00e0 ovvero fino alla revoca del consenso prestato.<\/p>\n<p><strong>6. Diffusione e comunicazione dei dati personali<\/strong><br \/>\nI Suoi dati personali non saranno diffusi. Tuttavia gli stessi potranno essere comunicati a terzi:<br \/>\na. alle Pubbliche Amministrazioni e Autorit\u00e0, ove previsto dalla legge;<br \/>\nb. fornitori di servizi e soggetti terzi in rapporto contrattuale con il Titolare nominati quali \u201cResponsabili del trattamento\u201d ex art. 28 del GDPR e tenuti al rispetto degli obblighi in materia di protezione dei dati, in virt\u00f9 di un apposito atto stipulato con il Titolare;<br \/>\nc. soggetti giuridici legittimati ad accedere ai dati in forza di disposizioni di legge, normative e regolamentari<\/p>\n<p><strong>7. Diritti degli interessati<\/strong><br \/>\nLei ha diritto di richiedere al Titolare del trattamento i diritti di cui agli artt. 15 e ss. del GDPR 2016\/679:<br \/>\n\u2013 L\u2019accesso ai Suoi dati ed informazioni;<br \/>\n\u2013 la rettifica e la cancellazione (\u201cdiritto all\u2019oblio\u201d) dei dati;<br \/>\n\u2013 la limitazione del trattamento e la possibilit\u00e0 di opporsi al trattamento;<br \/>\n\u2013 la portabilit\u00e0 dei dati;<br \/>\n\u2013 la revoca al consenso del trattamento.<\/p>\n<p>Qualora ritenga che i suoi diritti sono stati violati, Lei ha la facolt\u00e0 e il diritto di esporre reclamo all\u2019Autorit\u00e0 GPDP per la tutela dei dati personali: <a href=\"https:\/\/www.garanteprivacy.it\" target=\"_blank\" rel=\"noopener\">www.garanteprivacy.it<\/a><\/p>\n<\/div><\/section>\n<\/p>\n","protected":false},"excerpt":{"rendered":"","protected":false},"author":1,"featured_media":181,"parent":0,"menu_order":0,"comment_status":"closed","ping_status":"closed","template":"","meta":{"_joinchat":[],"footnotes":""},"class_list":["post-369","page","type-page","status-publish","has-post-thumbnail","hentry"],"yoast_head":"<!-- This site is optimized with the Yoast SEO plugin v27.4 - https:\/\/yoast.com\/product\/yoast-seo-wordpress\/ -->\n<title>Privacy - Felsenkeller<\/title>\n<meta name=\"description\" content=\"Privacy: Ai sensi dell\u2019art. 13 del Regolamento (UE) 2016\/679 relativo alla protezione delle persone fisiche con riguardo al trattamento ...\" \/>\n<meta name=\"robots\" content=\"index, follow, max-snippet:-1, max-image-preview:large, max-video-preview:-1\" \/>\n<link rel=\"canonical\" href=\"https:\/\/felsenkeller.bz.it\/it\/privacy\/\" \/>\n<meta property=\"og:locale\" content=\"it_IT\" \/>\n<meta property=\"og:type\" content=\"article\" \/>\n<meta property=\"og:title\" content=\"Privacy - Felsenkeller\" \/>\n<meta property=\"og:description\" content=\"Privacy: Ai sensi dell\u2019art. 13 del Regolamento (UE) 2016\/679 relativo alla protezione delle persone fisiche con riguardo al trattamento ...\" \/>\n<meta property=\"og:url\" content=\"https:\/\/felsenkeller.bz.it\/it\/privacy\/\" \/>\n<meta property=\"og:site_name\" content=\"Felsenkeller\" \/>\n<meta property=\"article:modified_time\" content=\"2025-04-22T13:57:12+00:00\" \/>\n<meta property=\"og:image\" content=\"https:\/\/felsenkeller.bz.it\/wp-content\/uploads\/2024\/12\/felsenkeller_logo-credits.png\" \/>\n\t<meta property=\"og:image:width\" content=\"1030\" \/>\n\t<meta property=\"og:image:height\" content=\"687\" \/>\n\t<meta property=\"og:image:type\" content=\"image\/png\" \/>\n<meta name=\"twitter:label1\" content=\"Tempo di lettura stimato\" \/>\n\t<meta name=\"twitter:data1\" content=\"8 minuti\" \/>\n<script type=\"application\/ld+json\" class=\"yoast-schema-graph\">{\"@context\":\"https:\\\/\\\/schema.org\",\"@graph\":[{\"@type\":\"WebPage\",\"@id\":\"https:\\\/\\\/felsenkeller.bz.it\\\/it\\\/privacy\\\/\",\"url\":\"https:\\\/\\\/felsenkeller.bz.it\\\/it\\\/privacy\\\/\",\"name\":\"Privacy - Felsenkeller\",\"isPartOf\":{\"@id\":\"https:\\\/\\\/felsenkeller.bz.it\\\/it\\\/#website\"},\"primaryImageOfPage\":{\"@id\":\"https:\\\/\\\/felsenkeller.bz.it\\\/it\\\/privacy\\\/#primaryimage\"},\"image\":{\"@id\":\"https:\\\/\\\/felsenkeller.bz.it\\\/it\\\/privacy\\\/#primaryimage\"},\"thumbnailUrl\":\"https:\\\/\\\/felsenkeller.bz.it\\\/wp-content\\\/uploads\\\/2024\\\/12\\\/felsenkeller_logo-credits.png\",\"datePublished\":\"2025-04-22T12:00:22+00:00\",\"dateModified\":\"2025-04-22T13:57:12+00:00\",\"description\":\"Privacy: Ai sensi dell\u2019art. 13 del Regolamento (UE) 2016\\\/679 relativo alla protezione delle persone fisiche con riguardo al trattamento ...\",\"breadcrumb\":{\"@id\":\"https:\\\/\\\/felsenkeller.bz.it\\\/it\\\/privacy\\\/#breadcrumb\"},\"inLanguage\":\"it-IT\",\"potentialAction\":[{\"@type\":\"ReadAction\",\"target\":[\"https:\\\/\\\/felsenkeller.bz.it\\\/it\\\/privacy\\\/\"]}]},{\"@type\":\"ImageObject\",\"inLanguage\":\"it-IT\",\"@id\":\"https:\\\/\\\/felsenkeller.bz.it\\\/it\\\/privacy\\\/#primaryimage\",\"url\":\"https:\\\/\\\/felsenkeller.bz.it\\\/wp-content\\\/uploads\\\/2024\\\/12\\\/felsenkeller_logo-credits.png\",\"contentUrl\":\"https:\\\/\\\/felsenkeller.bz.it\\\/wp-content\\\/uploads\\\/2024\\\/12\\\/felsenkeller_logo-credits.png\",\"width\":1030,\"height\":687,\"caption\":\"Ristorante a Merano sulle passeggiate Tappeiner colophon Privacy Cookie Policy\"},{\"@type\":\"BreadcrumbList\",\"@id\":\"https:\\\/\\\/felsenkeller.bz.it\\\/it\\\/privacy\\\/#breadcrumb\",\"itemListElement\":[{\"@type\":\"ListItem\",\"position\":1,\"name\":\"Startseite\",\"item\":\"https:\\\/\\\/felsenkeller.bz.it\\\/it\\\/ristorante-a-merano-sulle-passeggiate-tappeiner\\\/\"},{\"@type\":\"ListItem\",\"position\":2,\"name\":\"Privacy\"}]},{\"@type\":\"WebSite\",\"@id\":\"https:\\\/\\\/felsenkeller.bz.it\\\/it\\\/#website\",\"url\":\"https:\\\/\\\/felsenkeller.bz.it\\\/it\\\/\",\"name\":\"Restaurant Felsenkeller\",\"description\":\"Das besondere Restaurant am Zenoberg, oberhalb von Meran, entlang des malerischen Tappeinerwegs\",\"publisher\":{\"@id\":\"https:\\\/\\\/felsenkeller.bz.it\\\/it\\\/#organization\"},\"alternateName\":\"Felsenkeller\",\"potentialAction\":[{\"@type\":\"SearchAction\",\"target\":{\"@type\":\"EntryPoint\",\"urlTemplate\":\"https:\\\/\\\/felsenkeller.bz.it\\\/it\\\/?s={search_term_string}\"},\"query-input\":{\"@type\":\"PropertyValueSpecification\",\"valueRequired\":true,\"valueName\":\"search_term_string\"}}],\"inLanguage\":\"it-IT\"},{\"@type\":\"Organization\",\"@id\":\"https:\\\/\\\/felsenkeller.bz.it\\\/it\\\/#organization\",\"name\":\"Restaurant Felsenkeller\",\"alternateName\":\"Restaurant Felsenkeller d. Flarer Wolfgang & Aiello Nicole OHG\",\"url\":\"https:\\\/\\\/felsenkeller.bz.it\\\/it\\\/\",\"logo\":{\"@type\":\"ImageObject\",\"inLanguage\":\"it-IT\",\"@id\":\"https:\\\/\\\/felsenkeller.bz.it\\\/it\\\/#\\\/schema\\\/logo\\\/image\\\/\",\"url\":\"https:\\\/\\\/felsenkeller.bz.it\\\/wp-content\\\/uploads\\\/2024\\\/12\\\/felsenkeller_logo-credits.png\",\"contentUrl\":\"https:\\\/\\\/felsenkeller.bz.it\\\/wp-content\\\/uploads\\\/2024\\\/12\\\/felsenkeller_logo-credits.png\",\"width\":1030,\"height\":687,\"caption\":\"Restaurant Felsenkeller\"},\"image\":{\"@id\":\"https:\\\/\\\/felsenkeller.bz.it\\\/it\\\/#\\\/schema\\\/logo\\\/image\\\/\"},\"sameAs\":[\"https:\\\/\\\/www.instagram.com\\\/felsenkeller_restaurant_meran\\\/\"]}]}<\/script>\n<!-- \/ Yoast SEO plugin. -->","yoast_head_json":{"title":"Privacy - Felsenkeller","description":"Privacy: Ai sensi dell\u2019art. 13 del Regolamento (UE) 2016\/679 relativo alla protezione delle persone fisiche con riguardo al trattamento ...","robots":{"index":"index","follow":"follow","max-snippet":"max-snippet:-1","max-image-preview":"max-image-preview:large","max-video-preview":"max-video-preview:-1"},"canonical":"https:\/\/felsenkeller.bz.it\/it\/privacy\/","og_locale":"it_IT","og_type":"article","og_title":"Privacy - Felsenkeller","og_description":"Privacy: Ai sensi dell\u2019art. 13 del Regolamento (UE) 2016\/679 relativo alla protezione delle persone fisiche con riguardo al trattamento ...","og_url":"https:\/\/felsenkeller.bz.it\/it\/privacy\/","og_site_name":"Felsenkeller","article_modified_time":"2025-04-22T13:57:12+00:00","og_image":[{"width":1030,"height":687,"url":"https:\/\/felsenkeller.bz.it\/wp-content\/uploads\/2024\/12\/felsenkeller_logo-credits.png","type":"image\/png"}],"twitter_misc":{"Tempo di lettura stimato":"8 minuti"},"schema":{"@context":"https:\/\/schema.org","@graph":[{"@type":"WebPage","@id":"https:\/\/felsenkeller.bz.it\/it\/privacy\/","url":"https:\/\/felsenkeller.bz.it\/it\/privacy\/","name":"Privacy - Felsenkeller","isPartOf":{"@id":"https:\/\/felsenkeller.bz.it\/it\/#website"},"primaryImageOfPage":{"@id":"https:\/\/felsenkeller.bz.it\/it\/privacy\/#primaryimage"},"image":{"@id":"https:\/\/felsenkeller.bz.it\/it\/privacy\/#primaryimage"},"thumbnailUrl":"https:\/\/felsenkeller.bz.it\/wp-content\/uploads\/2024\/12\/felsenkeller_logo-credits.png","datePublished":"2025-04-22T12:00:22+00:00","dateModified":"2025-04-22T13:57:12+00:00","description":"Privacy: Ai sensi dell\u2019art. 13 del Regolamento (UE) 2016\/679 relativo alla protezione delle persone fisiche con riguardo al trattamento ...","breadcrumb":{"@id":"https:\/\/felsenkeller.bz.it\/it\/privacy\/#breadcrumb"},"inLanguage":"it-IT","potentialAction":[{"@type":"ReadAction","target":["https:\/\/felsenkeller.bz.it\/it\/privacy\/"]}]},{"@type":"ImageObject","inLanguage":"it-IT","@id":"https:\/\/felsenkeller.bz.it\/it\/privacy\/#primaryimage","url":"https:\/\/felsenkeller.bz.it\/wp-content\/uploads\/2024\/12\/felsenkeller_logo-credits.png","contentUrl":"https:\/\/felsenkeller.bz.it\/wp-content\/uploads\/2024\/12\/felsenkeller_logo-credits.png","width":1030,"height":687,"caption":"Ristorante a Merano sulle passeggiate Tappeiner colophon Privacy Cookie Policy"},{"@type":"BreadcrumbList","@id":"https:\/\/felsenkeller.bz.it\/it\/privacy\/#breadcrumb","itemListElement":[{"@type":"ListItem","position":1,"name":"Startseite","item":"https:\/\/felsenkeller.bz.it\/it\/ristorante-a-merano-sulle-passeggiate-tappeiner\/"},{"@type":"ListItem","position":2,"name":"Privacy"}]},{"@type":"WebSite","@id":"https:\/\/felsenkeller.bz.it\/it\/#website","url":"https:\/\/felsenkeller.bz.it\/it\/","name":"Restaurant Felsenkeller","description":"Das besondere Restaurant am Zenoberg, oberhalb von Meran, entlang des malerischen Tappeinerwegs","publisher":{"@id":"https:\/\/felsenkeller.bz.it\/it\/#organization"},"alternateName":"Felsenkeller","potentialAction":[{"@type":"SearchAction","target":{"@type":"EntryPoint","urlTemplate":"https:\/\/felsenkeller.bz.it\/it\/?s={search_term_string}"},"query-input":{"@type":"PropertyValueSpecification","valueRequired":true,"valueName":"search_term_string"}}],"inLanguage":"it-IT"},{"@type":"Organization","@id":"https:\/\/felsenkeller.bz.it\/it\/#organization","name":"Restaurant Felsenkeller","alternateName":"Restaurant Felsenkeller d. Flarer Wolfgang & Aiello Nicole OHG","url":"https:\/\/felsenkeller.bz.it\/it\/","logo":{"@type":"ImageObject","inLanguage":"it-IT","@id":"https:\/\/felsenkeller.bz.it\/it\/#\/schema\/logo\/image\/","url":"https:\/\/felsenkeller.bz.it\/wp-content\/uploads\/2024\/12\/felsenkeller_logo-credits.png","contentUrl":"https:\/\/felsenkeller.bz.it\/wp-content\/uploads\/2024\/12\/felsenkeller_logo-credits.png","width":1030,"height":687,"caption":"Restaurant Felsenkeller"},"image":{"@id":"https:\/\/felsenkeller.bz.it\/it\/#\/schema\/logo\/image\/"},"sameAs":["https:\/\/www.instagram.com\/felsenkeller_restaurant_meran\/"]}]}},"_links":{"self":[{"href":"https:\/\/felsenkeller.bz.it\/it\/wp-json\/wp\/v2\/pages\/369","targetHints":{"allow":["GET"]}}],"collection":[{"href":"https:\/\/felsenkeller.bz.it\/it\/wp-json\/wp\/v2\/pages"}],"about":[{"href":"https:\/\/felsenkeller.bz.it\/it\/wp-json\/wp\/v2\/types\/page"}],"author":[{"embeddable":true,"href":"https:\/\/felsenkeller.bz.it\/it\/wp-json\/wp\/v2\/users\/1"}],"replies":[{"embeddable":true,"href":"https:\/\/felsenkeller.bz.it\/it\/wp-json\/wp\/v2\/comments?post=369"}],"version-history":[{"count":1,"href":"https:\/\/felsenkeller.bz.it\/it\/wp-json\/wp\/v2\/pages\/369\/revisions"}],"predecessor-version":[{"id":540,"href":"https:\/\/felsenkeller.bz.it\/it\/wp-json\/wp\/v2\/pages\/369\/revisions\/540"}],"wp:featuredmedia":[{"embeddable":true,"href":"https:\/\/felsenkeller.bz.it\/it\/wp-json\/wp\/v2\/media\/181"}],"wp:attachment":[{"href":"https:\/\/felsenkeller.bz.it\/it\/wp-json\/wp\/v2\/media?parent=369"}],"curies":[{"name":"wp","href":"https:\/\/api.w.org\/{rel}","templated":true}]}}